{"id":936,"date":"2014-10-05T09:59:10","date_gmt":"2014-10-05T08:59:10","guid":{"rendered":"http:\/\/helenahenneken.com\/?page_id=936"},"modified":"2021-02-28T10:47:20","modified_gmt":"2021-02-28T09:47:20","slug":"interviews","status":"publish","type":"page","link":"https:\/\/helenahenneken.com\/?page_id=936","title":{"rendered":"IN THE MEDIA"},"content":{"rendered":"<p><span style=\"color: #000000;\">&nbsp;<img loading=\"lazy\" class=\"alignnone size-full wp-image-1041\" alt=\"interviews\" src=\"http:\/\/helenahenneken.com\/wp-content\/uploads\/2014\/10\/interviews3.jpg\" width=\"1496\" height=\"996\"><\/span><\/p>\n<h6><span style=\"color: #000000;\"><a title=\"Die Runde Ecke\" href=\"https:\/\/www.youtube.com\/watch?v=Naw3SjEKKGU\" target=\"_blank\" rel=\"noopener\"><span style=\"color: #000000;\">WDR Fernsehen: Die Runde Ecke<\/span><\/a><a title=\"WDR: Die Runde Ecke\" href=\"http:\/\/www1.wdr.de\/mediathek\/video\/sendungen\/machtan\/videodierundeeckefolge100.html\" target=\"_blank\" rel=\"noopener\"><span style=\"color: #000000;\"><br \/>\n<\/span><\/a>24. August 2015<\/span><\/h6>\n<h1><span style=\"color: #000000;\">Meine Geschichte. Live erz\u00e4hlt.<\/span><\/h1>\n<p><span style=\"color: #000000;\">\u201eUnsere erste Geschichte f\u00fchrt uns heute Abend in den Iran. Und man h\u00f6rt ja so viele Nachrichten \u00fcber den Iran, und im Fernsehen sieht man immer diese Klischees \u2013 so ist der Iran, der Iran ist b\u00f6se. Aber k\u00f6nnen so viele Menschen in einem Land b\u00f6se sein? Geht das? Vermutlich nicht. Die ganze Geschichte von Helena \u2026\u201c<\/span><\/p>\n<address><span style=\"color: #000000;\"><em>Patrick Lynen, Moderator <a title=\"Die Runde Ecke\" href=\"https:\/\/www.youtube.com\/watch?v=Naw3SjEKKGU\" target=\"_blank\" rel=\"noopener\"><span style=\"color: #000000;\">Die Runde Ecke<\/span><\/a><br \/>\n<\/em><\/span><\/address>\n<h6><a title=\"Die Runde Ecke\" href=\"https:\/\/www.youtube.com\/watch?v=Naw3SjEKKGU\" target=\"_blank\" rel=\"noopener\"><span style=\"color: #000000;\"><span style=\"color: #000000;\">Die Runde Ecke ANGUCKEN<\/span><\/span><\/a><\/h6>\n<p><span style=\"color: #000000;\">&nbsp;<\/span><\/p>\n<p><span style=\"color: #000000;\"><div class=\"horizontal-break\"><\/div><\/span><\/p>\n<p><span style=\"color: #000000;\">&nbsp;<\/span><\/p>\n<h6><span style=\"color: #000000;\"><a title=\"Mira Mireau\" href=\"http:\/\/mira-mireau.com\/2014\/12\/24\/interview-they-would-rock-59-tage-iran\/\" target=\"_blank\" rel=\"noopener\"><span style=\"color: #000000;\">Interview bei Mira Mireau<br \/>\n<\/span><\/a>24. Dezember 2014<\/span><\/h6>\n<h1><span style=\"color: #000000;\">they would rock \u2013 59 Tage Iran<\/span><\/h1>\n<p><span style=\"color: #000000;\">Oft lese ich Reiseliteratur und hoffe auf Inspiration, Erinnerungen und Gedankeng\u00e4nge von Gleichgesinnten. Da ich mich meist auf mindestens einen dieser Aspekte freuen kann, lohnt sich f\u00fcr mich fast jedes Reisebuch. Aber erst wenn es dem Autor gelingt mich seine individuelle Geschichte miterleben zu lassen, in mir Sehnsucht und Gl\u00fcckseligkeit entfacht als sei ich selbst Teil seiner Reise, erst dann hat sich ein Reisebuch wirklich einen festen Platz in meinem Herzen ergattert. Und Helena Henneken ist genau dies mit ihrem wundervollen Werk \u201ethey would rock: 59 Tage Iran\u201c \u2028gelungen.<\/span><\/p>\n<h6><span style=\"color: #000000;\"><a title=\"Mira Mireau\" href=\"http:\/\/mira-mireau.com\/2014\/12\/24\/interview-they-would-rock-59-tage-iran\/\" target=\"_blank\" rel=\"noopener\"><span style=\"color: #000000;\">Weiterlesen<\/span><\/a><\/span><\/h6>\n<p><span style=\"color: #000000;\">&nbsp;<\/span><\/p>\n<p><span style=\"color: #000000;\"><div class=\"horizontal-break\"><\/div><\/span><\/p>\n<p><span style=\"color: #000000;\">&nbsp;<\/span><\/p>\n<h6><span style=\"color: #000000;\"><a title=\"Deutsche Botschaft Teheran\" href=\"http:\/\/helenahenneken.com\/wp-content\/uploads\/2019\/01\/2014-Oktober_InterviewDeutscheBotschaftTeheran.pdf\" target=\"_blank\" rel=\"noopener\"><span style=\"color: #000000;\">INTERVIEW:&nbsp;Newsletter der deutschen Botschaft Teheran<\/span><\/a><a title=\"Deutsche Botschaft Teheran\" href=\"http:\/\/www.teheran.diplo.de\/Vertretung\/teheran\/de\/newsletter\/Ausgaben__NL\/Newsletter__Okt14.html?archive=2679544\" target=\"_blank\" rel=\"noopener\"><span style=\"color: #000000;\"><br \/>\n<\/span><\/a>12. Oktober 2014<\/span><\/h6>\n<h1><span style=\"color: #000000;\">Unser Special<\/span><\/h1>\n<address><span style=\"color: #000000;\">Interview Helena Henneken, Autorin \u2018They would rock\u2019<\/span><\/address>\n<p><span style=\"color: #000000;\">59&nbsp;Tage reiste Helena Henneken allein durch den Iran. Ihre Eindr\u00fccke hat&nbsp;sie anschlie\u00dfend in dem Buch \u2018They would rock\u2019 festgehalten. Unser&nbsp;Redaktionsteam freut sich sehr, dass Frau Henneken zu einem E-Mail&nbsp;Interview f\u00fcr unseren Newsletter bereit war. Das Interview finden Sie&nbsp;untenstehend\u2026<\/span><\/p>\n<h6><span style=\"color: #000000;\"><a title=\"Deutsche Botschaft Teheran\" href=\"http:\/\/helenahenneken.com\/wp-content\/uploads\/2019\/01\/2014-Oktober_InterviewDeutscheBotschaftTeheran.pdf\" target=\"_blank\" rel=\"noopener\"><span style=\"color: #000000;\">Weiterlesen<\/span><\/a><\/span><\/h6>\n<p><span style=\"color: #000000;\">&nbsp;<\/span><\/p>\n<p><span style=\"color: #000000;\"><div class=\"horizontal-break\"><\/div><\/span><\/p>\n<p><span style=\"color: #000000;\">&nbsp;<\/span><\/p>\n<h6><span style=\"color: #000000;\"><a title=\"b\u00f6rsenblatt Young Excellence Award Film\" href=\"http:\/\/www.youtube.com\/watch?v=il6yUQoaZmU\" target=\"_blank\" rel=\"noopener\"><span style=\"color: #000000;\">B\u00f6rsenblatt Young Excellence Award: Film-Portrait<\/span><\/a><\/span><br \/>\n<span style=\"color: #000000;\"> 29. September 2014<\/span><\/h6>\n<h1 id=\"watch-headline-title\"><span style=\"color: #000000;\">Die Nominierten: Helena Henneken<\/span><\/h1>\n<p><span style=\"color: #000000;\">Coach und Kommunikationstrainerin Helena Henneken ist f\u00fcr den YEA 2014 nominiert. Das B\u00f6rsenblatt vergibt in Kooperation mit dem B\u00f6rsenverein, der Frankfurter Buchmesse und dem mediacampus frankfurt 2014 zum ersten Mal einen Preis f\u00fcr heraus\u00adragende \u00adjunge Macher und Macherinnen in der Buchbranche, den B\u00f6rsenblatt Young Excellence Award (YEA)&#8230;<\/span><\/p>\n<h6><span style=\"color: #000000;\"><a title=\"b\u00f6rsenblatt Young Excellence Award Film\" href=\"http:\/\/www.youtube.com\/watch?v=il6yUQoaZmU\" target=\"_blank\" rel=\"noopener\"><span style=\"color: #000000;\">Zum Film-Portrait<\/span><\/a><\/span><\/h6>\n<p><span style=\"color: #000000;\">&nbsp;<\/span><\/p>\n<p><span style=\"color: #000000;\"><div class=\"horizontal-break\"><\/div><\/span><\/p>\n<p><span style=\"color: #000000;\">&nbsp;<\/span><\/p>\n<h6><span style=\"color: #000000;\"><a title=\"Globetrotterin des Jahres\" href=\"http:\/\/helenahenneken.com\/wp-content\/uploads\/2019\/01\/Globetrotter_4seasons_Herbst2014.pdf\" target=\"_blank\" rel=\"noopener\"><span style=\"color: #000000;\">Johanna St\u00f6ckl, 4-seasons<\/span><\/a><\/span><span style=\"color: #000000;\"><span style=\"color: #000000;\"><a title=\"4-SEASONS\" href=\"http:\/\/4-seasons.de\/magazinartikel\/helena-henneken-globetrotterin-des-jahres\" target=\"_blank\" rel=\"noopener\"><br \/>\n<\/a><\/span>03. SEptember 2014<\/span><\/h6>\n<h1><span style=\"color: #000000;\">Helena Henneken \u2013 Globetrotterin des Jahres<\/span><\/h1>\n<p><span style=\"color: #000000;\">Helena Henneken wurde zur Globetrotterin des Jahres gew\u00e4hlt, h\u00e4tte ebenso gut aber den Globetrotter-Reisebuchpreis gewinnen k\u00f6nnen: Die 37-j\u00e4hrige Hamburgerin reiste 59 Tage allein durch den Iran und brachte einen \u2028bewegenden Bericht mit\u2026<\/span><\/p>\n<h6><a title=\"Globetrotterin des Jahres\" href=\"http:\/\/helenahenneken.com\/wp-content\/uploads\/2019\/01\/Globetrotter_4seasons_Herbst2014.pdf\" target=\"_blank\" rel=\"noopener\"><span style=\"color: #000000;\"><span style=\"color: #000000;\">WEITERLESEN<\/span><\/span><\/a><span style=\"color: #000000;\"><a title=\"4-SEASONS APP\" href=\"https:\/\/itunes.apple.com\/de\/app\/4-seasons-xxl-43\/id910530491?mt=8\" target=\"_blank\" rel=\"noopener\"><span style=\"color: #000000;\"><br \/>\n<\/span><\/a><\/span><\/h6>\n<h1><span style=\"color: #000000;\"><br \/>\nHelena Henneken &#8211; Globetrotter of the year<\/span><\/h1>\n<p><span style=\"color: #000000;\">She was voted Globetrotter of the year, but could also have won the Globetrotter travel book award: The 37-year Helena Henneken from Hamburg travelled on her own through Iran for 59 days returning with a moving story&#8230;<\/span><\/p>\n<h6><span style=\"color: #000000;\"><a title=\"Globetrotter of the Year\" href=\"http:\/\/helenahenneken.com\/wp-content\/uploads\/2019\/01\/Globetrotter_4seasons_autumn2014.pdf\" target=\"_blank\" rel=\"noopener\"><span style=\"color: #000000;\">Read on<\/span><\/a><\/span><\/h6>\n<p><span style=\"color: #000000;\">&nbsp;<\/span><\/p>\n<p><span style=\"color: #000000;\"><div class=\"horizontal-break\"><\/div><\/span><\/p>\n<p><span style=\"color: #000000;\">&nbsp;<\/span><\/p>\n<h6><span style=\"color: #000000;\"><a title=\"Die Glocke\" href=\"http:\/\/www.theywouldrock.com\/wp-content\/uploads\/2014\/09\/140829_DieGlocke_theywouldrock.pdf\" target=\"_blank\" rel=\"noopener\"><span style=\"color: #000000;\">Julia Scharnowski, DIE GLOCKE<\/span><\/a><a title=\"GRAZIA #34\" href=\"http:\/\/www.theywouldrock.com\/wp-content\/uploads\/2014\/08\/Grazia_34_140814.jpg\" target=\"_blank\" rel=\"noopener\"><span style=\"color: #000000;\"><br \/>\n<\/span><\/a>29. August 2014<\/span><\/h6>\n<h1><span style=\"color: #000000;\">\u201eDie Offenheit der Menschen war ber\u00fchrend\u201c<\/span><\/h1>\n<p><span style=\"color: #000000;\">Gedanken an den Iran sind unweigerlich mit denen an ein totalit\u00e4res Regime verbunden. Doch dieses Bild allein wird dem Land nicht gerecht. Wie gastfreundlich und aufgeschlossen die Menschen im Iran trotz dieses Regimes sind, hat Helena Henneken (36) im Fr\u00fchjahr 2013 erfahren. Da bereiste die geb\u00fcrtige Paderbornerin das Land 59 Tage lang &#8211; allein. Dar\u00fcber hat sie nun ein Buch geschrieben.<\/span><\/p>\n<h6><span style=\"color: #000000;\"><a title=\"Die Glocke\" href=\"http:\/\/www.theywouldrock.com\/wp-content\/uploads\/2014\/09\/140829_DieGlocke_theywouldrock.pdf\" target=\"_blank\" rel=\"noopener\"><span style=\"color: #000000;\">Weiterlesen<\/span><\/a><\/span><\/h6>\n<p><span style=\"color: #000000;\">&nbsp;<\/span><\/p>\n<p><span style=\"color: #000000;\"><div class=\"horizontal-break\"><\/div><\/span><\/p>\n<p><span style=\"color: #000000;\">&nbsp;<\/span><\/p>\n<h6><span style=\"color: #000000;\"><a title=\"HR INFO: Das Interview\" href=\"http:\/\/www.podcast.de\/episode\/243830382\/Allein+und+mit+Rucksack+durch+den+Iran\/\" target=\"_blank\" rel=\"noopener\"><span style=\"color: #000000;\">HR INFO: DAS INTERVIEW<br \/>\n<\/span><\/a>23. Juli 2014<\/span><\/h6>\n<h1><span style=\"color: #000000;\">Alleine und mit Rucksack durch den Iran<\/span><\/h1>\n<p><span style=\"color: #000000;\">Die Hamburger Kommunikationsberaterin Helena Henneken hat schon viele L\u00e4nder der Welt bereist \u2013 von Indien \u00fcber Buthan bis Australien. Aber am meisten beeindruckt hat sie ein Zweimonatstrip durch den Iran. Sie sagt: \u201eIran ist das gastfreundlichste Land, das ich je kennengelernt habe.\u201c<\/span><\/p>\n<h6><span style=\"color: #000000;\"><a title=\"HR INFO: Das Interview\" href=\"http:\/\/www.podcast.de\/episode\/243830382\/Allein+und+mit+Rucksack+durch+den+Iran\/\" target=\"_blank\" rel=\"noopener\"><span style=\"color: #000000;\">INTERVIEW H\u00f6ren<\/span><\/a><\/span><\/h6>\n<p><span style=\"color: #000000;\">&nbsp;<\/span><\/p>\n<p><span style=\"color: #000000;\"><div class=\"horizontal-break\"><\/div><\/span><\/p>\n<p><span style=\"color: #000000;\">&nbsp;<\/span><\/p>\n<h6><span style=\"color: #000000;\"><a title=\"WDR: Funkhaus Europa\" href=\"http:\/\/www1.wdr.de\/mediathek\/audio\/funkhauseuropa\/audioderpersoenlichegasthelenahenneken100-audioplayer.html\" target=\"_blank\" rel=\"noopener\"><span style=\"color: #000000;\"><span style=\"color: #000000;\">WDR Funkhaus Europa: Der Pers\u00f6nliche Gast <\/span><\/span><\/a><\/span><br \/>\n<span style=\"color: #000000;\"> 14. Juli 2014<\/span><\/h6>\n<h1><span style=\"color: #000000;\">Helena Henneken: Urlaub im Land der Ayatollahs<\/span><\/h1>\n<div><span style=\"color: #000000;\">Schon mal auf der \u201eAchse des B\u00f6sen\u201c gestanden? Und ein bisschen umgesehen? Die Hamburgerin Helena Henneken hat genau das getan, sie reiste zwei Monate lang durch den Iran. Eine Frau Mitte drei\u00dfig, mit einem Rucksack, ganz allein&#8230;<\/span><\/div>\n<h6><span style=\"color: #000000;\"><a title=\"WDR: Funkhaus Europa\" href=\"http:\/\/www1.wdr.de\/mediathek\/audio\/funkhauseuropa\/audioderpersoenlichegasthelenahenneken100-audioplayer.html\" target=\"_blank\" rel=\"noopener\"><span style=\"color: #000000;\"><span style=\"color: #000000;\">INTERVIEW H\u00f6ren<\/span><\/span><\/a><\/span><\/h6>\n<p><span style=\"color: #000000;\">&nbsp;<\/span><\/p>\n<p><span style=\"color: #000000;\"><div class=\"horizontal-break\"><\/div><\/span><\/p>\n<p><span style=\"color: #000000;\">&nbsp;<\/span><\/p>\n<h6><span style=\"color: #000000;\"><a title=\"SWR 1 &quot;Leute&quot;\" href=\"http:\/\/www.swr.de\/swr1\/bw\/programm\/leute\/henneken-helena-kommunikationsberaterin\/-\/id=1895042\/did=13628020\/nid=1895042\/8z0mlp\/index.html\" target=\"_blank\" rel=\"noopener\"><span style=\"color: #000000;\">SWR 1 Baden-W\u00fcrttemberg: LEUTE<\/span><\/a><a title=\"SWR 1 &quot;Leute&quot;\" href=\"http:\/\/www.swr.de\/swr1\/bw\/programm\/leute\/henneken-helena-kommunikationsberaterin\/-\/id=1895042\/did=13628020\/nid=1895042\/8z0mlp\/index.html\" target=\"_blank\" rel=\"noopener\"><span style=\"color: #000000;\"><br \/>\n<\/span><\/a>10. Juli 2014<\/span><\/h6>\n<div>\n<h1><span style=\"color: #000000;\">Abenteuer im Ausland: Helena Henneken<\/span><\/h1>\n<p><span style=\"color: #000000;\">Helena Henneken arbeitet als Coach und Kommunikationsberaterin. Immer wieder aber ist sie auf Reisen. Sie m\u00f6chte andere Kulturen kennen lernen, andere Menschen und ihre Geschichten. Sie war in Indonesien und in Bhutan, in S\u00fcdamerika und Australien. Zuletzt reiste sie zwei Monate allein durch den Iran. Sie traf Mullahs, K\u00fcnstler und Hausfrauen. Sie sagt: \u201eIran ist das gastfreundlichste Land, das ich kenne.\u201c<\/span><\/p>\n<\/div>\n<h6><span style=\"color: #000000;\"><a title=\"SWR 1 &quot;Leute&quot;\" href=\"http:\/\/www.swr.de\/swr1\/bw\/programm\/leute\/henneken-helena-kommunikationsberaterin\/-\/id=1895042\/did=13628020\/nid=1895042\/8z0mlp\/index.html\" target=\"_blank\" rel=\"noopener\"><span style=\"color: #000000;\"> INTERVIEW h\u00f6ren<\/span><\/a><\/span><\/h6>\n<p><span style=\"color: #000000;\">&nbsp;<\/span><\/p>\n<p><span style=\"color: #000000;\"><div class=\"horizontal-break\"><\/div><\/span><\/p>\n<p><span style=\"color: #000000;\">&nbsp;<\/span><\/p>\n<h6><span style=\"color: #000000;\"><a title=\"Spiegel Online\" href=\"http:\/\/www.spiegel.de\/reise\/fernweh\/frau-reist-allein-in-iran-helena-henneken-ueber-buch-they-would-rock-a-975682.html\" target=\"_blank\" rel=\"noopener\"><span style=\"color: #000000;\">Eva Lehnen, Spiegel Online<\/span><\/a><\/span><\/h6>\n<h6><span style=\"color: #000000;\">21. Juni 2014<\/span><\/h6>\n<div>\n<h1><span style=\"color: #000000;\">Als Frau allein unterwegs: \u201eIran ist das gastfreundlichste Land, das ich kenne\u201c<\/span><\/h1>\n<p><span style=\"color: #000000;\">Zwei Monate lang reiste Helena Henneken allein durch Iran. 80 Einladungen, 390 Gl\u00e4ser Tee und 28 Gastgeschenke sp\u00e4ter ist sie fasziniert von dem Land. Im Interview erz\u00e4hlt sie von strikten Regeln und N\u00e4chten im Frauenmatratzenlager.<\/span><\/p>\n<h6><span style=\"color: #000000;\"><a title=\"Spiegel Online\" href=\"http:\/\/www.spiegel.de\/reise\/fernweh\/frau-reist-allein-in-iran-helena-henneken-ueber-buch-they-would-rock-a-975682.html\" target=\"_blank\" rel=\"noopener\"><span style=\"color: #000000;\">Weiterlesen <\/span><\/a><\/span><\/h6>\n<\/div>\n<p><span style=\"color: #000000;\">&nbsp;<\/span><\/p>\n<p><span style=\"color: #000000;\"><div class=\"horizontal-break\"><\/div><\/span><\/p>\n<p><span style=\"color: #000000;\">&nbsp;<\/span><\/p>\n<h6><span style=\"color: #000000;\"><a title=\"MAKE YOURSELF MOVE\" href=\"http:\/\/www.makeyourselfmove.de\/mindsoul\/buchvorstellung-rock-59-tage-iran\" target=\"_blank\" rel=\"noopener\"><span style=\"color: #000000;\">MAKE YOURSELF MOVE<\/span><\/a><\/span><\/h6>\n<h6><span style=\"color: #000000;\">17. April 2014<\/span><\/h6>\n<h1><span style=\"color: #000000;\">Buchvorstellung: They would rock \u2013 59 Tage Iran.<\/span><\/h1>\n<p><span style=\"color: #000000;\">Schonmal auf der \u201eAchse des B\u00f6sen\u201c gestanden? Und ein bisschen umgesehen? Und Menschen getroffen, die da wohnen? Ich nicht, du wahrscheinlich auch nicht, aber Helena Henneken hat es getan! Sie ist 59 Tage mit dem Rucksack durch den Iran gereist und brachte \u00fcberraschende Erlebnisse, Beobachtungen, Fundst\u00fccke \u2013 und vor allem Begegnungen mit: Hauptst\u00e4dter und kurdische Dorfbewohner, Mullahs und anarchistische Studenten, Polizisten und K\u00fcnstler, illegale Boyfriends und unz\u00e4hlige Ali Schumachers. Menschen, die \u201eWe are terrorists\u201c-Witze machen \u2013 und Fremde spontan in ihre Familie einladen. Menschen, die den Austausch mit der Welt suchen \u2013 obwohl sie selbst oft hinter dem Image ihres Landes verschwinden. Menschen, die stolz auf ihr Land sind \u2013 und es gleichzeitig verlassen wollen. Und weil daraus ein au\u00dfergew\u00f6hnliches Buch entstanden ist, habe ich Helena gleich mal zum Interview gebeten!<\/span><\/p>\n<h6><span style=\"color: #000000;\"><a title=\"MAKE YOURSELF MOVE\" href=\"http:\/\/www.makeyourselfmove.de\/mindsoul\/buchvorstellung-rock-59-tage-iran\" target=\"_blank\" rel=\"noopener\"><span style=\"color: #000000;\">WEITERLESEN<\/span><\/a><\/span><\/h6>\n<p><span style=\"color: #000000;\">&nbsp;<\/span><\/p>\n<p><span style=\"color: #000000;\"><div class=\"horizontal-break\"><\/div><\/span><\/p>\n","protected":false},"excerpt":{"rendered":"<p>&nbsp; WDR Fernsehen: Die Runde Ecke 24. August 2015 Meine Geschichte. Live erz\u00e4hlt. \u201eUnsere erste Geschichte f\u00fchrt uns heute Abend in den Iran. Und man h\u00f6rt ja so viele Nachrichten \u00fcber den Iran, und im Fernsehen sieht man immer diese Klischees \u2013 so ist der Iran, der Iran ist b\u00f6se. &hellip;<\/p>\n<div class=\"wrap-excerpt-more\"><a class=\"excerpt-more\" href=\"https:\/\/helenahenneken.com\/?page_id=936\">Continue reading<\/a><\/div>\n","protected":false},"author":1,"featured_media":0,"parent":0,"menu_order":0,"comment_status":"closed","ping_status":"closed","template":"template-full-width.php","meta":[],"yoast_head":"<!-- This site is optimized with the Yoast SEO plugin v16.6.1 - https:\/\/yoast.com\/wordpress\/plugins\/seo\/ -->\n<meta name=\"robots\" content=\"index, follow, max-snippet:-1, max-image-preview:large, max-video-preview:-1\" \/>\n<link rel=\"canonical\" href=\"https:\/\/helenahenneken.com\/?page_id=936\" \/>\n<meta property=\"og:locale\" content=\"de_DE\" \/>\n<meta property=\"og:type\" content=\"article\" \/>\n<meta property=\"og:title\" content=\"IN THE MEDIA - HELENA HENNEKEN\" \/>\n<meta property=\"og:description\" content=\"&nbsp; WDR Fernsehen: Die Runde Ecke 24. August 2015 Meine Geschichte. Live erz\u00e4hlt. \u201eUnsere erste Geschichte f\u00fchrt uns heute Abend in den Iran. Und man h\u00f6rt ja so viele Nachrichten \u00fcber den Iran, und im Fernsehen sieht man immer diese Klischees \u2013 so ist der Iran, der Iran ist b\u00f6se. &hellip;Continue reading\" \/>\n<meta property=\"og:url\" content=\"https:\/\/helenahenneken.com\/?page_id=936\" \/>\n<meta property=\"og:site_name\" content=\"HELENA HENNEKEN\" \/>\n<meta property=\"article:modified_time\" content=\"2021-02-28T09:47:20+00:00\" \/>\n<meta property=\"og:image\" content=\"http:\/\/helenahenneken.com\/wp-content\/uploads\/2014\/10\/interviews3.jpg\" \/>\n<meta name=\"twitter:card\" content=\"summary_large_image\" \/>\n<meta name=\"twitter:label1\" content=\"Gesch\u00e4tzte Lesezeit\" \/>\n\t<meta name=\"twitter:data1\" content=\"5\u00a0Minuten\" \/>\n<script type=\"application\/ld+json\" class=\"yoast-schema-graph\">{\"@context\":\"https:\/\/schema.org\",\"@graph\":[{\"@type\":\"WebSite\",\"@id\":\"https:\/\/helenahenneken.com\/#website\",\"url\":\"https:\/\/helenahenneken.com\/\",\"name\":\"HELENA HENNEKEN\",\"description\":\"\",\"potentialAction\":[{\"@type\":\"SearchAction\",\"target\":{\"@type\":\"EntryPoint\",\"urlTemplate\":\"https:\/\/helenahenneken.com\/?s={search_term_string}\"},\"query-input\":\"required name=search_term_string\"}],\"inLanguage\":\"de\"},{\"@type\":\"ImageObject\",\"@id\":\"https:\/\/helenahenneken.com\/?page_id=936#primaryimage\",\"inLanguage\":\"de\",\"url\":\"http:\/\/helenahenneken.com\/wp-content\/uploads\/2014\/10\/interviews3.jpg\",\"contentUrl\":\"http:\/\/helenahenneken.com\/wp-content\/uploads\/2014\/10\/interviews3.jpg\"},{\"@type\":\"WebPage\",\"@id\":\"https:\/\/helenahenneken.com\/?page_id=936#webpage\",\"url\":\"https:\/\/helenahenneken.com\/?page_id=936\",\"name\":\"IN THE MEDIA - HELENA HENNEKEN\",\"isPartOf\":{\"@id\":\"https:\/\/helenahenneken.com\/#website\"},\"primaryImageOfPage\":{\"@id\":\"https:\/\/helenahenneken.com\/?page_id=936#primaryimage\"},\"datePublished\":\"2014-10-05T08:59:10+00:00\",\"dateModified\":\"2021-02-28T09:47:20+00:00\",\"breadcrumb\":{\"@id\":\"https:\/\/helenahenneken.com\/?page_id=936#breadcrumb\"},\"inLanguage\":\"de\",\"potentialAction\":[{\"@type\":\"ReadAction\",\"target\":[\"https:\/\/helenahenneken.com\/?page_id=936\"]}]},{\"@type\":\"BreadcrumbList\",\"@id\":\"https:\/\/helenahenneken.com\/?page_id=936#breadcrumb\",\"itemListElement\":[{\"@type\":\"ListItem\",\"position\":1,\"name\":\"Startseite\",\"item\":\"https:\/\/helenahenneken.com\/\"},{\"@type\":\"ListItem\",\"position\":2,\"name\":\"IN THE MEDIA\"}]}]}<\/script>\n<!-- \/ Yoast SEO plugin. -->","_links":{"self":[{"href":"https:\/\/helenahenneken.com\/index.php?rest_route=\/wp\/v2\/pages\/936"}],"collection":[{"href":"https:\/\/helenahenneken.com\/index.php?rest_route=\/wp\/v2\/pages"}],"about":[{"href":"https:\/\/helenahenneken.com\/index.php?rest_route=\/wp\/v2\/types\/page"}],"author":[{"embeddable":true,"href":"https:\/\/helenahenneken.com\/index.php?rest_route=\/wp\/v2\/users\/1"}],"replies":[{"embeddable":true,"href":"https:\/\/helenahenneken.com\/index.php?rest_route=%2Fwp%2Fv2%2Fcomments&post=936"}],"version-history":[{"count":56,"href":"https:\/\/helenahenneken.com\/index.php?rest_route=\/wp\/v2\/pages\/936\/revisions"}],"predecessor-version":[{"id":2381,"href":"https:\/\/helenahenneken.com\/index.php?rest_route=\/wp\/v2\/pages\/936\/revisions\/2381"}],"wp:attachment":[{"href":"https:\/\/helenahenneken.com\/index.php?rest_route=%2Fwp%2Fv2%2Fmedia&parent=936"}],"curies":[{"name":"wp","href":"https:\/\/api.w.org\/{rel}","templated":true}]}}