{"id":806,"date":"2013-12-16T13:32:17","date_gmt":"2013-12-16T12:32:17","guid":{"rendered":"http:\/\/helenahenneken.com\/?page_id=806"},"modified":"2020-12-04T11:15:14","modified_gmt":"2020-12-04T10:15:14","slug":"they-would-rock-2","status":"publish","type":"page","link":"https:\/\/helenahenneken.com\/?page_id=806","title":{"rendered":"THEY WOULD ROCK"},"content":{"rendered":"<p><!--div id=\"floater2\"><a href=\"https:\/\/www.kickstarter.com\/projects\/602424145\/they-would-rock-59-days-iran-english-edition\" target=\"_blank\" rel=\"noopener noreferrer\"><img alt=\"\" src=\"http:\/\/helenahenneken.com\/badge.png\" \/><\/a><\/div--> <a href=\"http:\/\/www.theywouldrock.com\/?page_id=97\" target=\"_blank\" rel=\"noopener noreferrer\"><img loading=\"lazy\" src=\"http:\/\/helenahenneken.com\/wp-content\/uploads\/2013\/10\/TheWouldRock_Buchcover2-2048x1462.jpg\" alt=\"TheWouldRock\" width=\"2048\" height=\"1462\" \/><\/a><\/p>\n<p><div class=\"row-fluid\"><div class=\"span6\"><br \/>\nHave you ever stood on the &#8222;axis of evil?&#8220;<br \/>\nTaken a look around? And met people who live there? This book invites you to do so!<\/p>\n<p>A journey, 59 days in Iran. A woman with her backpack, cross-country.<br \/>\nUnexpected experiences, impressions, discoveries \u2013 and above all encounters: Capital city dwellers and Kurdish villagers, mullahs and anarchistic students, police officers and artists, illegal boyfriends and countless Ali Schumachers. People, who tell \u201cwe are terrorists\u201d-jokes \u2013 and spontaneously invite foreigners to stay with their families. People who seek an exchange with the world \u2013 even though they often disappear behind their country\u2019s image. People who are proud of their homeland \u2013 and want to leave it at the same time.<\/p>\n<p>\u201cIf my people lived in another country, they would rock!\u201d \u2013 that\u2019s how a 16-year-old Iranian pictures the situation. Just one of several encounters: Helena Henneken has written a love-rock-song about the people she met in Iran. A colourful insight into the world behind the scarf. And a book that starts &#8222;from the back&#8220; &#8211; the Persian way around.<\/p>\n<p><a href=\"http:\/\/helenahenneken.com\/wp-content\/uploads\/2013\/12\/140226_TheyWouldRock_RZ-151.jpg\" class=\"link-to-image\"><br \/>\n<img loading=\"lazy\" class=\" wp-image-868 \" src=\"http:\/\/helenahenneken.com\/wp-content\/uploads\/2013\/12\/140226_TheyWouldRock_RZ-151-2048x1365.jpg\" alt=\"they would rock - 59 Tage Iran\" width=\"850\" height=\"567\" srcset=\"https:\/\/helenahenneken.com\/wp-content\/uploads\/2013\/12\/140226_TheyWouldRock_RZ-151-2048x1365.jpg 2048w, https:\/\/helenahenneken.com\/wp-content\/uploads\/2013\/12\/140226_TheyWouldRock_RZ-151-1920x1280.jpg 1920w\" sizes=\"(max-width: 850px) 100vw, 850px\" \/><\/a><\/p>\n<\/div><div class=\"span6\"><br \/>\nSchonmal auf der &#8222;Achse des B\u00f6sen&#8220; gestanden?<br \/>\nUnd ein bisschen umgesehen? Und Menschen getroffen, die da wohnen? Dieses Buch l\u00e4dt dazu ein!<\/p>\n<p>Eine Reise, 59 Tage im Iran. Eine Frau mit dem Rucksack, quer durchs Land.<br \/>\n\u00dcberraschende Erlebnisse, Beobachtungen, Fundst\u00fccke \u2013 und vor allem Begegnungen: Hauptst\u00e4dter und kurdische Dorfbewohner, Mullahs und anarchistische Studenten, Polizisten und K\u00fcnstler, illegale Boyfriends und unz\u00e4hlige Ali Schumachers. Menschen, die \u201eWe are terrorists\u201c-Witze machen \u2013 und Fremde spontan in ihre Familie einladen. Menschen, die den Austausch mit der Welt suchen \u2013 obwohl sie selbst oft hinter dem Image ihres Landes verschwinden. Menschen, die stolz auf ihr Land sind \u2013 und es gleichzeitig verlassen wollen.<\/p>\n<p>\u201eIf my people lived in another country, they would rock!\u201c \u2013 so beschreibt es eine 16-j\u00e4hrige Iranerin. Nur eine von vielen Reisebegegnungen: Helena Henneken hat einen Love-Rock-Song auf die Menschen im Iran geschrieben. Ein bunter Einblick in die Welt hinter dem Schleier. Und ein Buch von \u201ehinten nach vorn\u201c \u2013 in persischer Leserichtung.<\/p>\n<p><a href=\"http:\/\/helenahenneken.com\/wp-content\/uploads\/2013\/10\/TheWouldRock_Katalog_Gudberg6.jpg\" class=\"link-to-image\"><img loading=\"lazy\" src=\"http:\/\/helenahenneken.com\/wp-content\/uploads\/2013\/10\/TheWouldRock_Katalog_Gudberg6.jpg\" alt=\"they would rock - 59 Tage Iran\" width=\"850\" height=\"567\" \/><\/a><\/p>\n<\/div><\/div><br \/>\n<div class=\"row-fluid\"><div class=\"span6\">\n<p><a href=\"http:\/\/helenahenneken.com\/wp-content\/uploads\/2013\/12\/DSCF9848.jpg\" class=\"link-to-image\"><img loading=\"lazy\" src=\"http:\/\/helenahenneken.com\/wp-content\/uploads\/2013\/12\/DSCF9848-2048x1363.jpg\" alt=\"they would rock - 59 Tage Iran\" width=\"850\" height=\"565\" \/><\/a><br \/>\n<\/div><div class=\"span6\"><a href=\"http:\/\/helenahenneken.com\/wp-content\/uploads\/2013\/12\/140226_TheyWouldRock_RZ-4.jpg\" class=\"link-to-image\"><img loading=\"lazy\" class=\" wp-image-867 \" src=\"http:\/\/helenahenneken.com\/wp-content\/uploads\/2013\/12\/140226_TheyWouldRock_RZ-4-2048x1365.jpg\" alt=\"they would rock - 59 Tage Iran\" width=\"850\" height=\"567\" srcset=\"https:\/\/helenahenneken.com\/wp-content\/uploads\/2013\/12\/140226_TheyWouldRock_RZ-4-2048x1365.jpg 2048w, https:\/\/helenahenneken.com\/wp-content\/uploads\/2013\/12\/140226_TheyWouldRock_RZ-4-1920x1280.jpg 1920w\" sizes=\"(max-width: 850px) 100vw, 850px\" \/><\/a><\/p>\n<p><div class=\"span6\"><\/div><br \/>\n<\/div><\/div><br \/>\n<div class=\"row-fluid\"><div class=\"span6\">\n<p><span style=\"color: #000000;\">Design: <a title=\"Frizzi Kurkhaus\" href=\"https:\/\/fuelformars.co\/\" target=\"_blank\" rel=\"noopener noreferrer\"><span style=\"color: #000000;\">Frizzi Kurkhaus<\/span><\/a><\/span><br \/>\n<span style=\"color: #000000;\"> Publishing house: <\/span><a title=\"GUDBERG NERGER\" href=\"http:\/\/publishing.gudbergnerger.com\/portfolio\/theywouldrock\/\" target=\"_blank\" rel=\"noopener noreferrer\"><span style=\"color: #000000;\">GUDBERG NERGER<\/span><br \/>\n<\/a>ISBN: 978-3-943061-36-9<\/p>\n<p>More about the book: <span style=\"color: #b8860b;\"><a title=\"they would rock\" href=\"http:\/\/en.theywouldrock.com\/\" target=\"_blank\" rel=\"noopener noreferrer\"><span style=\"color: #b8860b;\">www.theywouldrock.com<\/span><\/a><\/span><\/p>\n<\/div><div class=\"span6\">\n<p>Desig<span style=\"color: #000000;\">n: <a title=\"Frizzi Kurkhaus\" href=\"https:\/\/fuelformars.co\/\" target=\"_blank\" rel=\"noopener noreferrer\"><span style=\"color: #000000;\">Frizzi Kurkhaus<\/span><\/a><\/span><br \/>\n<span style=\"color: #000000;\"> Verlag: <\/span><a title=\"GUDBERG NERGER\" href=\"http:\/\/publishing.gudbergnerger.com\/portfolio\/theywouldrock\/\" target=\"_blank\" rel=\"noopener noreferrer\"><span style=\"color: #000000;\">GUDBERG NERGER<\/span><br \/>\n<\/a>ISBN: 978-3-943061-36-9<\/p>\n<p>Mehr \u00fcber das Buch: <span style=\"color: #b8860b;\"><a title=\"they would rock\" href=\"http:\/\/www.theywouldrock.com\/\" target=\"_blank\" rel=\"noopener noreferrer\"><span style=\"color: #b8860b;\">www.theywouldrock.com<\/span><\/a><\/span><\/p>\n<p><div class=\"span6\"><\/div><br \/>\n<\/div><\/div><strong><br \/>\n<\/strong><\/p>\n","protected":false},"excerpt":{"rendered":"","protected":false},"author":1,"featured_media":0,"parent":0,"menu_order":0,"comment_status":"closed","ping_status":"closed","template":"template-full-width.php","meta":[],"yoast_head":"<!-- This site is optimized with the Yoast SEO plugin v16.6.1 - https:\/\/yoast.com\/wordpress\/plugins\/seo\/ -->\n<meta name=\"robots\" content=\"index, follow, max-snippet:-1, max-image-preview:large, max-video-preview:-1\" \/>\n<link rel=\"canonical\" href=\"https:\/\/helenahenneken.com\/?page_id=806\" \/>\n<meta property=\"og:locale\" content=\"de_DE\" \/>\n<meta property=\"og:type\" content=\"article\" \/>\n<meta property=\"og:title\" content=\"THEY WOULD ROCK - HELENA HENNEKEN\" \/>\n<meta property=\"og:url\" content=\"https:\/\/helenahenneken.com\/?page_id=806\" \/>\n<meta property=\"og:site_name\" content=\"HELENA HENNEKEN\" \/>\n<meta property=\"article:modified_time\" content=\"2020-12-04T10:15:14+00:00\" \/>\n<meta property=\"og:image\" content=\"http:\/\/helenahenneken.com\/badge.png\" \/>\n<meta name=\"twitter:card\" content=\"summary_large_image\" \/>\n<meta name=\"twitter:label1\" content=\"Gesch\u00e4tzte Lesezeit\" \/>\n\t<meta name=\"twitter:data1\" content=\"2\u00a0Minuten\" \/>\n<script type=\"application\/ld+json\" class=\"yoast-schema-graph\">{\"@context\":\"https:\/\/schema.org\",\"@graph\":[{\"@type\":\"WebSite\",\"@id\":\"https:\/\/helenahenneken.com\/#website\",\"url\":\"https:\/\/helenahenneken.com\/\",\"name\":\"HELENA HENNEKEN\",\"description\":\"\",\"potentialAction\":[{\"@type\":\"SearchAction\",\"target\":{\"@type\":\"EntryPoint\",\"urlTemplate\":\"https:\/\/helenahenneken.com\/?s={search_term_string}\"},\"query-input\":\"required name=search_term_string\"}],\"inLanguage\":\"de\"},{\"@type\":\"ImageObject\",\"@id\":\"https:\/\/helenahenneken.com\/?page_id=806#primaryimage\",\"inLanguage\":\"de\",\"url\":\"http:\/\/helenahenneken.com\/badge.png\",\"contentUrl\":\"http:\/\/helenahenneken.com\/badge.png\"},{\"@type\":\"WebPage\",\"@id\":\"https:\/\/helenahenneken.com\/?page_id=806#webpage\",\"url\":\"https:\/\/helenahenneken.com\/?page_id=806\",\"name\":\"THEY WOULD ROCK - HELENA HENNEKEN\",\"isPartOf\":{\"@id\":\"https:\/\/helenahenneken.com\/#website\"},\"primaryImageOfPage\":{\"@id\":\"https:\/\/helenahenneken.com\/?page_id=806#primaryimage\"},\"datePublished\":\"2013-12-16T12:32:17+00:00\",\"dateModified\":\"2020-12-04T10:15:14+00:00\",\"breadcrumb\":{\"@id\":\"https:\/\/helenahenneken.com\/?page_id=806#breadcrumb\"},\"inLanguage\":\"de\",\"potentialAction\":[{\"@type\":\"ReadAction\",\"target\":[\"https:\/\/helenahenneken.com\/?page_id=806\"]}]},{\"@type\":\"BreadcrumbList\",\"@id\":\"https:\/\/helenahenneken.com\/?page_id=806#breadcrumb\",\"itemListElement\":[{\"@type\":\"ListItem\",\"position\":1,\"name\":\"Startseite\",\"item\":\"https:\/\/helenahenneken.com\/\"},{\"@type\":\"ListItem\",\"position\":2,\"name\":\"THEY WOULD ROCK\"}]}]}<\/script>\n<!-- \/ Yoast SEO plugin. -->","_links":{"self":[{"href":"https:\/\/helenahenneken.com\/index.php?rest_route=\/wp\/v2\/pages\/806"}],"collection":[{"href":"https:\/\/helenahenneken.com\/index.php?rest_route=\/wp\/v2\/pages"}],"about":[{"href":"https:\/\/helenahenneken.com\/index.php?rest_route=\/wp\/v2\/types\/page"}],"author":[{"embeddable":true,"href":"https:\/\/helenahenneken.com\/index.php?rest_route=\/wp\/v2\/users\/1"}],"replies":[{"embeddable":true,"href":"https:\/\/helenahenneken.com\/index.php?rest_route=%2Fwp%2Fv2%2Fcomments&post=806"}],"version-history":[{"count":68,"href":"https:\/\/helenahenneken.com\/index.php?rest_route=\/wp\/v2\/pages\/806\/revisions"}],"predecessor-version":[{"id":814,"href":"https:\/\/helenahenneken.com\/index.php?rest_route=\/wp\/v2\/pages\/806\/revisions\/814"}],"wp:attachment":[{"href":"https:\/\/helenahenneken.com\/index.php?rest_route=%2Fwp%2Fv2%2Fmedia&parent=806"}],"curies":[{"name":"wp","href":"https:\/\/api.w.org\/{rel}","templated":true}]}}