{"id":1014,"date":"2014-10-05T09:44:11","date_gmt":"2014-10-05T08:44:11","guid":{"rendered":"http:\/\/helenahenneken.com\/?page_id=1014"},"modified":"2019-01-28T10:32:19","modified_gmt":"2019-01-28T09:32:19","slug":"awards-2","status":"publish","type":"page","link":"https:\/\/helenahenneken.com\/?page_id=1014","title":{"rendered":"AWARDS"},"content":{"rendered":"<p><img loading=\"lazy\" class=\"alignnone size-full wp-image-1027\" alt=\"awards\" src=\"http:\/\/helenahenneken.com\/wp-content\/uploads\/2014\/10\/awards3b.jpg\" width=\"1496\" height=\"997\" \/><\/p>\n<p><span style=\"color: #000000;\"><div class=\"row-fluid\"><div class=\"span2\"><\/span><\/p>\n<h1><span style=\"color: #000000;\">2014<\/span><\/h1>\n<address><span style=\"color: #000000;\"><\/div><div class=\"span10\"><\/span><\/address>\n<h1><span style=\"color: #000000;\"><a title=\"Globetrotter of the Year 2014\" href=\"http:\/\/helenahenneken.com\/wp-content\/uploads\/2019\/01\/Globetrotter_4seasons_autumn2014.pdf\" target=\"_blank\"><span style=\"color: #000000;\">GLOBETROTTER OF THE YEAR<\/span><\/a> \/ <a title=\"Globetrotterin des Jahres 2014\" href=\"http:\/\/helenahenneken.com\/wp-content\/uploads\/2019\/01\/Globetrotter_4seasons_Herbst2014.pdf\" target=\"_blank\"><span style=\"color: #000000;\">GLOBETROTTERIN DES JAHRES<\/span><\/a><\/span><\/h1>\n<address><span style=\"color: #000000;\">by \/ von <a title=\"Globetrotter\" href=\"https:\/\/www.globetrotter.de\/magazin\/\" target=\"_blank\"><span style=\"color: #000000;\">Globetrotter Ausr\u00fcstung<\/span><\/a><\/span><\/address>\n<p><span style=\"color: #000000;\">\u201cShe was voted Globetrotter of the year, but could also have won the Globetrotter travel book award: The 37-year Helena Henneken from Hamburg travelled on her own through Iran for 59 days returning with a moving story.\u201d<\/span><\/p>\n<h6><a title=\"Globetrotter of the Year 2014\" href=\"http:\/\/helenahenneken.com\/wp-content\/uploads\/2019\/01\/Globetrotter_4seasons_autumn2014.pdf\" target=\"_blank\"><span style=\"color: #000000;\"><span style=\"color: #000000;\">Read on: 4-seasons<\/span><\/span><\/a><\/h6>\n<p><span style=\"color: #000000;\">\u201eHelena Henneken wurde zur Globetrotterin des Jahres gew\u00e4hlt, h\u00e4tte ebenso gut aber den Globetrotter-Reisebuchpreis gewinnen k\u00f6nnen: Die 37-j\u00e4hrige Hamburgerin reiste 59 Tage allein durch den Iran und brachte einen \u2028bewegenden Bericht mit.\u201c<\/span><\/p>\n<h6><a title=\"Globetrotterin des Jahres 2014\" href=\"http:\/\/helenahenneken.com\/wp-content\/uploads\/2019\/01\/Globetrotter_4seasons_Herbst2014.pdf\" target=\"_blank\"><span style=\"color: #000000;\"><span style=\"color: #000000;\">WEITERLESEN: 4-Seasons\u00a0MAGAZIN<\/span><\/span><\/a><span style=\"color: #000000;\"><span style=\"color: #000000;\"><a title=\"4-SEASONS APP\" href=\"https:\/\/itunes.apple.com\/de\/app\/4-seasons-xxl-43\/id910530491?mt=8\" target=\"_blank\"><br \/>\n<\/a><\/span><\/span><\/h6>\n<p><span style=\"color: #000000;\"><div class=\"horizontal-break\"><\/div><\/span><\/p>\n<p><span style=\"color: #000000;\"><\/div><\/div><\/span><\/p>\n<p><span style=\"color: #000000;\"><div class=\"row-fluid\"><div class=\"span2\">\u00a0<\/span><\/address>\n<address><span style=\"color: #000000;\">\u00a0<\/span><\/address>\n<address><span style=\"color: #000000;\">\u00a0\u00a0<\/span><\/address>\n<address><span style=\"color: #000000;\"><\/div><div class=\"span10\"><\/span><\/address>\n<h1><span style=\"color: #000000;\"><a title=\"b\u00f6rsenblatt Young Excellence Award\" href=\"http:\/\/www.boersenblatt.net\/813433\/?t=newsletter\" target=\"_blank\"><span style=\"color: #000000;\">B\u00d6RSENBLATT YOUNG EXCELLENCE AWARD<\/span><\/a> (Shortlist)<\/span><\/h1>\n<address><span style=\"color: #000000;\">by \/ vom <a title=\"Young Excellence Award\" href=\"https:\/\/www.boersenblatt.net\/1291725\/\" target=\"_blank\"><span style=\"color: #000000;\">B\u00f6rsenblatt des Deutschen Buchhandels <\/span><\/a><\/span><strong><\/strong><span style=\"color: #000000;\"><strong><br \/>\n<\/strong><\/span><\/address>\n<p><span style=\"color: #000000;\">\u201cThey are young and courageous, committed, innovation-savvy, structured and connected. And they want to contribute to shaping the future of the book trade industry. The shortlist for the first b\u00f6rsenblatt Young Excellence Award&#8230; Helena Henneken (*1978), who works as a coach and communication trainer in Hamburg, is not afraid of adventures. Pure curiosity made her leave for Iran in April 2013. When she set off into the unknown with her backpack, two guidebooks and a crash course in the national language Farsi she didn\u2019t even expect that an inspiring \u2018explorer\u2019s book\u2019 would arise out of this trip: \u2018they would rock. 59 Days in Iran\u2019 (Gudberg)&#8230; A courageous project that rocks.\u201d<\/span><\/p>\n<p><span style=\"color: #000000;\">\u201eSie sind jung und mutig, engagiert, innovationsfreudig, strukturiert und vernetzt. Und sie wollen die Zukunft der Buchbranche mitgestalten. Die Shortlist zum ersten B\u00f6rsenblatt Young Excellence Award&#8230; Vor Abenteuern hat Helena Henneken (*1978), die in Hamburg als Coach und Kommunikationstrainerin arbeitet, keine Angst. Pure Neugier war es, die sie im April 2013 in den Iran aufbrechen lie\u00df. Als sie sich mit Rucksack, zwei Reisef\u00fchrern und einem Schnellkurs in der Landessprache Farsi ins Ungewisse aufmachte, ahnte sie noch nicht, dass daraus ein inspirierendes Entdeckerbuch entstehen w\u00fcrde: &#8218;they would rock. 59 Tage Iran&#8216; (Gudberg)&#8230;. Ein mutiges Projekt, das rockt.&#8220;<\/span><\/p>\n<h6><span style=\"color: #000000;\"><a title=\"B\u00f6rsenblatt\" href=\"http:\/\/www.boersenblatt.net\/813433\/?t=newsletter\" target=\"_blank\"><span style=\"color: #000000;\">Mehr bei B\u00f6rsenblatt.net<\/span><\/a><\/span><span style=\"color: #000000;\"><a title=\"b\u00f6rsenblatt Young Excellence Award Film\" href=\"http:\/\/www.youtube.com\/watch?v=il6yUQoaZmU\" target=\"_blank\"><span style=\"color: #000000;\"><br \/>\nFilm-Portrait<\/span><\/a><\/span><\/h6>\n<p>&nbsp;<\/p>\n<p><span style=\"color: #000000;\"><div class=\"horizontal-break\"><\/div><\/span><\/p>\n<p><span style=\"color: #000000;\"><\/div><\/div><\/span><\/p>\n","protected":false},"excerpt":{"rendered":"","protected":false},"author":1,"featured_media":0,"parent":0,"menu_order":0,"comment_status":"closed","ping_status":"closed","template":"template-full-width.php","meta":[],"yoast_head":"<!-- This site is optimized with the Yoast SEO plugin v16.6.1 - https:\/\/yoast.com\/wordpress\/plugins\/seo\/ -->\n<meta name=\"robots\" content=\"index, follow, max-snippet:-1, max-image-preview:large, max-video-preview:-1\" \/>\n<link rel=\"canonical\" href=\"https:\/\/helenahenneken.com\/?page_id=1014\" \/>\n<meta property=\"og:locale\" content=\"de_DE\" \/>\n<meta property=\"og:type\" content=\"article\" \/>\n<meta property=\"og:title\" content=\"AWARDS - HELENA HENNEKEN\" \/>\n<meta property=\"og:url\" content=\"https:\/\/helenahenneken.com\/?page_id=1014\" \/>\n<meta property=\"og:site_name\" content=\"HELENA HENNEKEN\" \/>\n<meta property=\"article:modified_time\" content=\"2019-01-28T09:32:19+00:00\" \/>\n<meta property=\"og:image\" content=\"http:\/\/helenahenneken.com\/wp-content\/uploads\/2014\/10\/awards3b.jpg\" \/>\n<meta name=\"twitter:card\" content=\"summary_large_image\" \/>\n<meta name=\"twitter:label1\" content=\"Gesch\u00e4tzte Lesezeit\" \/>\n\t<meta name=\"twitter:data1\" content=\"2\u00a0Minuten\" \/>\n<script type=\"application\/ld+json\" class=\"yoast-schema-graph\">{\"@context\":\"https:\/\/schema.org\",\"@graph\":[{\"@type\":\"WebSite\",\"@id\":\"https:\/\/helenahenneken.com\/#website\",\"url\":\"https:\/\/helenahenneken.com\/\",\"name\":\"HELENA HENNEKEN\",\"description\":\"\",\"potentialAction\":[{\"@type\":\"SearchAction\",\"target\":{\"@type\":\"EntryPoint\",\"urlTemplate\":\"https:\/\/helenahenneken.com\/?s={search_term_string}\"},\"query-input\":\"required name=search_term_string\"}],\"inLanguage\":\"de\"},{\"@type\":\"ImageObject\",\"@id\":\"https:\/\/helenahenneken.com\/?page_id=1014#primaryimage\",\"inLanguage\":\"de\",\"url\":\"http:\/\/helenahenneken.com\/wp-content\/uploads\/2014\/10\/awards3b.jpg\",\"contentUrl\":\"http:\/\/helenahenneken.com\/wp-content\/uploads\/2014\/10\/awards3b.jpg\"},{\"@type\":\"WebPage\",\"@id\":\"https:\/\/helenahenneken.com\/?page_id=1014#webpage\",\"url\":\"https:\/\/helenahenneken.com\/?page_id=1014\",\"name\":\"AWARDS - HELENA HENNEKEN\",\"isPartOf\":{\"@id\":\"https:\/\/helenahenneken.com\/#website\"},\"primaryImageOfPage\":{\"@id\":\"https:\/\/helenahenneken.com\/?page_id=1014#primaryimage\"},\"datePublished\":\"2014-10-05T08:44:11+00:00\",\"dateModified\":\"2019-01-28T09:32:19+00:00\",\"breadcrumb\":{\"@id\":\"https:\/\/helenahenneken.com\/?page_id=1014#breadcrumb\"},\"inLanguage\":\"de\",\"potentialAction\":[{\"@type\":\"ReadAction\",\"target\":[\"https:\/\/helenahenneken.com\/?page_id=1014\"]}]},{\"@type\":\"BreadcrumbList\",\"@id\":\"https:\/\/helenahenneken.com\/?page_id=1014#breadcrumb\",\"itemListElement\":[{\"@type\":\"ListItem\",\"position\":1,\"name\":\"Startseite\",\"item\":\"https:\/\/helenahenneken.com\/\"},{\"@type\":\"ListItem\",\"position\":2,\"name\":\"AWARDS\"}]}]}<\/script>\n<!-- \/ Yoast SEO plugin. -->","_links":{"self":[{"href":"https:\/\/helenahenneken.com\/index.php?rest_route=\/wp\/v2\/pages\/1014"}],"collection":[{"href":"https:\/\/helenahenneken.com\/index.php?rest_route=\/wp\/v2\/pages"}],"about":[{"href":"https:\/\/helenahenneken.com\/index.php?rest_route=\/wp\/v2\/types\/page"}],"author":[{"embeddable":true,"href":"https:\/\/helenahenneken.com\/index.php?rest_route=\/wp\/v2\/users\/1"}],"replies":[{"embeddable":true,"href":"https:\/\/helenahenneken.com\/index.php?rest_route=%2Fwp%2Fv2%2Fcomments&post=1014"}],"version-history":[{"count":22,"href":"https:\/\/helenahenneken.com\/index.php?rest_route=\/wp\/v2\/pages\/1014\/revisions"}],"predecessor-version":[{"id":1032,"href":"https:\/\/helenahenneken.com\/index.php?rest_route=\/wp\/v2\/pages\/1014\/revisions\/1032"}],"wp:attachment":[{"href":"https:\/\/helenahenneken.com\/index.php?rest_route=%2Fwp%2Fv2%2Fmedia&parent=1014"}],"curies":[{"name":"wp","href":"https:\/\/api.w.org\/{rel}","templated":true}]}}